{"id":1578,"date":"2020-12-07T16:50:03","date_gmt":"2020-12-07T15:50:03","guid":{"rendered":"http:\/\/texi.notrestudio.fr\/about\/"},"modified":"2020-12-07T16:51:26","modified_gmt":"2020-12-07T15:51:26","slug":"about","status":"publish","type":"page","link":"http:\/\/texi.notrestudio.fr\/en\/about\/","title":{"rendered":"About"},"content":{"rendered":"<p>[et_pb_section fb_built=&#8221;1&#8243; _builder_version=&#8221;4.4.4&#8243; _module_preset=&#8221;default&#8221;][et_pb_row _builder_version=&#8221;4.4.4&#8243; _module_preset=&#8221;default&#8221;][et_pb_column type=&#8221;4_4&#8243; _builder_version=&#8221;4.4.4&#8243; _module_preset=&#8221;default&#8221;][et_pb_text _builder_version=&#8221;4.6.3&#8243; header_font=&#8221;|300||on|||||&#8221; header_font_size=&#8221;70px&#8221; header_line_height=&#8221;1.1em&#8221; header_2_text_color=&#8221;#00afd3&#8243; custom_padding=&#8221;||3px|||&#8221; animation_style=&#8221;slide&#8221; animation_direction=&#8221;bottom&#8221; animation_intensity_slide=&#8221;10%&#8221; header_font_size_tablet=&#8221;50px&#8221; header_font_size_phone=&#8221;40px&#8221; header_font_size_last_edited=&#8221;on|phone&#8221; _module_preset=&#8221;default&#8221;]<\/p>\n<h1>About MDB Texinov\u00ae<\/h1>\n<h2>Production of protective masks in France<\/h2>\n<p>[\/et_pb_text][\/et_pb_column][\/et_pb_row][et_pb_row column_structure=&#8221;2_5,3_5&#8243; _builder_version=&#8221;4.4.4&#8243; _module_preset=&#8221;default&#8221;][et_pb_column type=&#8221;2_5&#8243; _builder_version=&#8221;4.4.4&#8243; _module_preset=&#8221;default&#8221;][et_pb_image src=&#8221;http:\/\/texi.notrestudio.fr\/wp-content\/uploads\/2020\/09\/Couture-Elastique4.jpg&#8221; title_text=&#8221;Couture-Elastique4&#8243; _builder_version=&#8221;4.4.4&#8243; animation_style=&#8221;slide&#8221; animation_direction=&#8221;bottom&#8221; animation_intensity_slide=&#8221;10%&#8221; _module_preset=&#8221;default&#8221;][\/et_pb_image][\/et_pb_column][et_pb_column type=&#8221;3_5&#8243; _builder_version=&#8221;4.4.4&#8243; _module_preset=&#8221;default&#8221;][et_pb_text _builder_version=&#8221;4.4.4&#8243; header_2_font=&#8221;Open Sans|800|||||||&#8221; header_2_text_color=&#8221;#005cb9&#8243; header_2_font_size=&#8221;32px&#8221; animation_style=&#8221;slide&#8221; animation_direction=&#8221;bottom&#8221; animation_intensity_slide=&#8221;10%&#8221; _module_preset=&#8221;default&#8221;]<\/p>\n<p><strong>MDB Texinov\u00ae<\/strong> is an SME employing 70 people which has been established in Saint Didier de la Tour (38) for more than 50 years. Since March 2020, due to the requirements linked to the COVID-19 pandemic, the company has produced high quality protection masks, such as<strong>UNS category 1<\/strong> in contact with the public and for public transport, as well as<strong>FFP2 masks for healthcare personnel<\/strong>.<\/p>\n<p>[\/et_pb_text][\/et_pb_column][\/et_pb_row][et_pb_row column_structure=&#8221;2_5,3_5&#8243; _builder_version=&#8221;4.4.4&#8243; _module_preset=&#8221;default&#8221;][et_pb_column type=&#8221;2_5&#8243; _builder_version=&#8221;4.4.4&#8243; _module_preset=&#8221;default&#8221;][et_pb_image src=&#8221;http:\/\/texi.notrestudio.fr\/wp-content\/uploads\/2020\/09\/Photo_Presse2.jpg&#8221; title_text=&#8221;Photo_Presse2&#8243; _builder_version=&#8221;4.4.4&#8243; animation_style=&#8221;slide&#8221; animation_direction=&#8221;bottom&#8221; animation_intensity_slide=&#8221;10%&#8221; _module_preset=&#8221;default&#8221;][\/et_pb_image][\/et_pb_column][et_pb_column type=&#8221;3_5&#8243; _builder_version=&#8221;4.4.4&#8243; _module_preset=&#8221;default&#8221;][et_pb_text _builder_version=&#8221;4.4.4&#8243; header_2_font=&#8221;Open Sans|800|||||||&#8221; header_2_text_color=&#8221;#005cb9&#8243; header_2_font_size=&#8221;32px&#8221; animation_style=&#8221;slide&#8221; animation_direction=&#8221;bottom&#8221; animation_intensity_slide=&#8221;10%&#8221; _module_preset=&#8221;default&#8221;]<\/p>\n<h2>All products are 100% &#8220;Made in France&#8221;<\/h2>\n<p>MDB Texinov\u00ae has always chosen a French establishment without offshoring. Masks are made entirely on the basis of a selection of French manufacturers producing in France, both for materials that make up masks, as well as for the mask production lines.<\/p>\n<p>[\/et_pb_text][\/et_pb_column][\/et_pb_row][et_pb_row column_structure=&#8221;2_5,3_5&#8243; _builder_version=&#8221;4.4.4&#8243; _module_preset=&#8221;default&#8221;][et_pb_column type=&#8221;2_5&#8243; _builder_version=&#8221;4.4.4&#8243; _module_preset=&#8221;default&#8221;][et_pb_image src=&#8221;http:\/\/texi.notrestudio.fr\/wp-content\/uploads\/2020\/09\/IMG_5595.jpg&#8221; title_text=&#8221;IMG_5595&#8243; _builder_version=&#8221;4.4.4&#8243; animation_style=&#8221;slide&#8221; animation_direction=&#8221;bottom&#8221; animation_intensity_slide=&#8221;10%&#8221; _module_preset=&#8221;default&#8221;][\/et_pb_image][\/et_pb_column][et_pb_column type=&#8221;3_5&#8243; _builder_version=&#8221;4.4.4&#8243; _module_preset=&#8221;default&#8221;][et_pb_text _builder_version=&#8221;4.4.4&#8243; header_2_font=&#8221;Open Sans|800|||||||&#8221; header_2_text_color=&#8221;#005cb9&#8243; header_2_font_size=&#8221;32px&#8221; animation_style=&#8221;slide&#8221; animation_direction=&#8221;bottom&#8221; animation_intensity_slide=&#8221;10%&#8221; _module_preset=&#8221;default&#8221;]<\/p>\n<h2>Competitive price\/product positioning<\/h2>\n<p>We often hear that &#8220;Made in France&#8221; is expensive: MDB Texinov\u00ae relies on the commitment of all its staff, in the workshop and in sales support services and on the best technologies, to remain as close as possible to global prices and guarantee its customers high quality products, produced and distributed locally, at a very competitive cost.<\/p>\n<p>[\/et_pb_text][et_pb_button button_url=&#8221;https:\/\/www.texinov.com&#8221; button_text=&#8221;VISIT THE TEXINOV WEBSITE&#8221; _builder_version=&#8221;4.4.4&#8243; custom_button=&#8221;on&#8221; button_text_size=&#8221;12px&#8221; button_border_radius=&#8221;5px&#8221; button_font=&#8221;Open Sans|||on|||||&#8221; custom_padding=&#8221;16px|16px|16px|16px|true|true&#8221; animation_style=&#8221;slide&#8221; animation_direction=&#8221;bottom&#8221; animation_intensity_slide=&#8221;10%&#8221; _module_preset=&#8221;default&#8221;][\/et_pb_button][\/et_pb_column][\/et_pb_row][\/et_pb_section]<\/p>\n","protected":false},"excerpt":{"rendered":"<p>About MDB Texinov\u00ae Production of protective masks in FranceMDB Texinov\u00ae is an SME employing 70 people which has been established in Saint Didier de la Tour (38) for more than 50 years. Since March 2020, due to the requirements linked to the COVID-19 pandemic, the company has produced high quality protection masks, such asUNS category [&hellip;]<\/p>\n","protected":false},"author":1,"featured_media":0,"parent":0,"menu_order":0,"comment_status":"closed","ping_status":"closed","template":"","meta":{"_et_pb_use_builder":"on","_et_pb_old_content":"","_et_gb_content_width":""},"yoast_head":"<!-- This site is optimized with the Yoast SEO plugin v19.11 - https:\/\/yoast.com\/wordpress\/plugins\/seo\/ -->\n<title>About de MDB Texinov\u00ae &bull; Fabricant de masques &bull; Texinov\u00ae Shop<\/title>\n<meta name=\"description\" content=\"D\u00e9couvrez notre entreprise, sp\u00e9cialiste du textile \u00e0 usage m\u00e9dical, elle propose aujourd&#039;hui sa gamme de masques de protection FFP2 et UNS1.\" \/>\n<meta name=\"robots\" content=\"noindex, follow, max-snippet:-1, max-image-preview:large, max-video-preview:-1\" \/>\n<meta property=\"og:locale\" content=\"en_US\" \/>\n<meta property=\"og:type\" content=\"article\" \/>\n<meta property=\"og:title\" content=\"About de MDB Texinov\u00ae &bull; Fabricant de masques &bull; Texinov\u00ae Shop\" \/>\n<meta property=\"og:description\" content=\"D\u00e9couvrez notre entreprise, sp\u00e9cialiste du textile \u00e0 usage m\u00e9dical, elle propose aujourd&#039;hui sa gamme de masques de protection FFP2 et UNS1.\" \/>\n<meta property=\"og:url\" content=\"http:\/\/texi.notrestudio.fr\/en\/about\/\" \/>\n<meta property=\"og:site_name\" content=\"Texinov\u00ae Shop\" \/>\n<meta property=\"article:publisher\" content=\"https:\/\/www.facebook.com\/texinov\" \/>\n<meta property=\"article:modified_time\" content=\"2020-12-07T15:51:26+00:00\" \/>\n<meta name=\"twitter:card\" content=\"summary_large_image\" \/>\n<meta name=\"twitter:site\" content=\"@Texinov3\" \/>\n<meta name=\"twitter:label1\" content=\"Est. reading time\" \/>\n\t<meta name=\"twitter:data1\" content=\"3 minutes\" \/>\n<script type=\"application\/ld+json\" class=\"yoast-schema-graph\">{\"@context\":\"https:\/\/schema.org\",\"@graph\":[{\"@type\":\"WebPage\",\"@id\":\"http:\/\/texi.notrestudio.fr\/en\/about\/\",\"url\":\"http:\/\/texi.notrestudio.fr\/en\/about\/\",\"name\":\"About de MDB Texinov\u00ae &bull; Fabricant de masques &bull; Texinov\u00ae Shop\",\"isPartOf\":{\"@id\":\"http:\/\/texi.notrestudio.fr\/en\/#website\"},\"datePublished\":\"2020-12-07T15:50:03+00:00\",\"dateModified\":\"2020-12-07T15:51:26+00:00\",\"description\":\"D\u00e9couvrez notre entreprise, sp\u00e9cialiste du textile \u00e0 usage m\u00e9dical, elle propose aujourd'hui sa gamme de masques de protection FFP2 et UNS1.\",\"breadcrumb\":{\"@id\":\"http:\/\/texi.notrestudio.fr\/en\/about\/#breadcrumb\"},\"inLanguage\":\"en-US\",\"potentialAction\":[{\"@type\":\"ReadAction\",\"target\":[\"http:\/\/texi.notrestudio.fr\/en\/about\/\"]}]},{\"@type\":\"BreadcrumbList\",\"@id\":\"http:\/\/texi.notrestudio.fr\/en\/about\/#breadcrumb\",\"itemListElement\":[{\"@type\":\"ListItem\",\"position\":1,\"name\":\"Accueil\",\"item\":\"http:\/\/texi.notrestudio.fr\/en\/\"},{\"@type\":\"ListItem\",\"position\":2,\"name\":\"About\"}]},{\"@type\":\"WebSite\",\"@id\":\"http:\/\/texi.notrestudio.fr\/en\/#website\",\"url\":\"http:\/\/texi.notrestudio.fr\/en\/\",\"name\":\"Texinov\u00ae Shop\",\"description\":\"Masques de protection respiratoire FFP2\",\"publisher\":{\"@id\":\"http:\/\/texi.notrestudio.fr\/en\/#organization\"},\"potentialAction\":[{\"@type\":\"SearchAction\",\"target\":{\"@type\":\"EntryPoint\",\"urlTemplate\":\"http:\/\/texi.notrestudio.fr\/en\/?s={search_term_string}\"},\"query-input\":\"required name=search_term_string\"}],\"inLanguage\":\"en-US\"},{\"@type\":\"Organization\",\"@id\":\"http:\/\/texi.notrestudio.fr\/en\/#organization\",\"name\":\"Texinov\u00ae Shop\",\"url\":\"http:\/\/texi.notrestudio.fr\/en\/\",\"logo\":{\"@type\":\"ImageObject\",\"inLanguage\":\"en-US\",\"@id\":\"http:\/\/texi.notrestudio.fr\/en\/#\/schema\/logo\/image\/\",\"url\":\"http:\/\/texi.notrestudio.fr\/wp-content\/uploads\/2020\/09\/texinov-medical-logo-masques.png\",\"contentUrl\":\"http:\/\/texi.notrestudio.fr\/wp-content\/uploads\/2020\/09\/texinov-medical-logo-masques.png\",\"width\":450,\"height\":126,\"caption\":\"Texinov\u00ae Shop\"},\"image\":{\"@id\":\"http:\/\/texi.notrestudio.fr\/en\/#\/schema\/logo\/image\/\"},\"sameAs\":[\"https:\/\/www.linkedin.com\/company\/mdbtexinov\/\",\"https:\/\/www.youtube.com\/channel\/UCr28OueclBbky7lgnaESMfg\",\"https:\/\/www.facebook.com\/texinov\",\"https:\/\/twitter.com\/Texinov3\"]}]}<\/script>\n<!-- \/ Yoast SEO plugin. -->","yoast_head_json":{"title":"About de MDB Texinov\u00ae &bull; Fabricant de masques &bull; Texinov\u00ae Shop","description":"D\u00e9couvrez notre entreprise, sp\u00e9cialiste du textile \u00e0 usage m\u00e9dical, elle propose aujourd'hui sa gamme de masques de protection FFP2 et UNS1.","robots":{"index":"noindex","follow":"follow","max-snippet":"max-snippet:-1","max-image-preview":"max-image-preview:large","max-video-preview":"max-video-preview:-1"},"og_locale":"en_US","og_type":"article","og_title":"About de MDB Texinov\u00ae &bull; Fabricant de masques &bull; Texinov\u00ae Shop","og_description":"D\u00e9couvrez notre entreprise, sp\u00e9cialiste du textile \u00e0 usage m\u00e9dical, elle propose aujourd'hui sa gamme de masques de protection FFP2 et UNS1.","og_url":"http:\/\/texi.notrestudio.fr\/en\/about\/","og_site_name":"Texinov\u00ae Shop","article_publisher":"https:\/\/www.facebook.com\/texinov","article_modified_time":"2020-12-07T15:51:26+00:00","twitter_card":"summary_large_image","twitter_site":"@Texinov3","twitter_misc":{"Est. reading time":"3 minutes"},"schema":{"@context":"https:\/\/schema.org","@graph":[{"@type":"WebPage","@id":"http:\/\/texi.notrestudio.fr\/en\/about\/","url":"http:\/\/texi.notrestudio.fr\/en\/about\/","name":"About de MDB Texinov\u00ae &bull; Fabricant de masques &bull; Texinov\u00ae Shop","isPartOf":{"@id":"http:\/\/texi.notrestudio.fr\/en\/#website"},"datePublished":"2020-12-07T15:50:03+00:00","dateModified":"2020-12-07T15:51:26+00:00","description":"D\u00e9couvrez notre entreprise, sp\u00e9cialiste du textile \u00e0 usage m\u00e9dical, elle propose aujourd'hui sa gamme de masques de protection FFP2 et UNS1.","breadcrumb":{"@id":"http:\/\/texi.notrestudio.fr\/en\/about\/#breadcrumb"},"inLanguage":"en-US","potentialAction":[{"@type":"ReadAction","target":["http:\/\/texi.notrestudio.fr\/en\/about\/"]}]},{"@type":"BreadcrumbList","@id":"http:\/\/texi.notrestudio.fr\/en\/about\/#breadcrumb","itemListElement":[{"@type":"ListItem","position":1,"name":"Accueil","item":"http:\/\/texi.notrestudio.fr\/en\/"},{"@type":"ListItem","position":2,"name":"About"}]},{"@type":"WebSite","@id":"http:\/\/texi.notrestudio.fr\/en\/#website","url":"http:\/\/texi.notrestudio.fr\/en\/","name":"Texinov\u00ae Shop","description":"Masques de protection respiratoire FFP2","publisher":{"@id":"http:\/\/texi.notrestudio.fr\/en\/#organization"},"potentialAction":[{"@type":"SearchAction","target":{"@type":"EntryPoint","urlTemplate":"http:\/\/texi.notrestudio.fr\/en\/?s={search_term_string}"},"query-input":"required name=search_term_string"}],"inLanguage":"en-US"},{"@type":"Organization","@id":"http:\/\/texi.notrestudio.fr\/en\/#organization","name":"Texinov\u00ae Shop","url":"http:\/\/texi.notrestudio.fr\/en\/","logo":{"@type":"ImageObject","inLanguage":"en-US","@id":"http:\/\/texi.notrestudio.fr\/en\/#\/schema\/logo\/image\/","url":"http:\/\/texi.notrestudio.fr\/wp-content\/uploads\/2020\/09\/texinov-medical-logo-masques.png","contentUrl":"http:\/\/texi.notrestudio.fr\/wp-content\/uploads\/2020\/09\/texinov-medical-logo-masques.png","width":450,"height":126,"caption":"Texinov\u00ae Shop"},"image":{"@id":"http:\/\/texi.notrestudio.fr\/en\/#\/schema\/logo\/image\/"},"sameAs":["https:\/\/www.linkedin.com\/company\/mdbtexinov\/","https:\/\/www.youtube.com\/channel\/UCr28OueclBbky7lgnaESMfg","https:\/\/www.facebook.com\/texinov","https:\/\/twitter.com\/Texinov3"]}]}},"_links":{"self":[{"href":"http:\/\/texi.notrestudio.fr\/en\/wp-json\/wp\/v2\/pages\/1578"}],"collection":[{"href":"http:\/\/texi.notrestudio.fr\/en\/wp-json\/wp\/v2\/pages"}],"about":[{"href":"http:\/\/texi.notrestudio.fr\/en\/wp-json\/wp\/v2\/types\/page"}],"author":[{"embeddable":true,"href":"http:\/\/texi.notrestudio.fr\/en\/wp-json\/wp\/v2\/users\/1"}],"replies":[{"embeddable":true,"href":"http:\/\/texi.notrestudio.fr\/en\/wp-json\/wp\/v2\/comments?post=1578"}],"version-history":[{"count":3,"href":"http:\/\/texi.notrestudio.fr\/en\/wp-json\/wp\/v2\/pages\/1578\/revisions"}],"predecessor-version":[{"id":1581,"href":"http:\/\/texi.notrestudio.fr\/en\/wp-json\/wp\/v2\/pages\/1578\/revisions\/1581"}],"wp:attachment":[{"href":"http:\/\/texi.notrestudio.fr\/en\/wp-json\/wp\/v2\/media?parent=1578"}],"curies":[{"name":"wp","href":"https:\/\/api.w.org\/{rel}","templated":true}]}}