{"id":1587,"date":"2020-12-07T16:55:36","date_gmt":"2020-12-07T15:55:36","guid":{"rendered":"http:\/\/texi.notrestudio.fr\/contact\/"},"modified":"2022-01-03T13:01:00","modified_gmt":"2022-01-03T13:01:00","slug":"contact","status":"publish","type":"page","link":"http:\/\/texi.notrestudio.fr\/en\/contact\/","title":{"rendered":"Contact"},"content":{"rendered":"<p>[et_pb_section fb_built=&#8221;1&#8243; _builder_version=&#8221;4.4.4&#8243; _module_preset=&#8221;default&#8221;][et_pb_row _builder_version=&#8221;4.4.4&#8243; _module_preset=&#8221;default&#8221; custom_padding=&#8221;||4px|||&#8221;][et_pb_column type=&#8221;4_4&#8243; _builder_version=&#8221;4.4.4&#8243; _module_preset=&#8221;default&#8221;][et_pb_post_title meta=&#8221;off&#8221; featured_image=&#8221;off&#8221; _builder_version=&#8221;4.6.3&#8243; _module_preset=&#8221;default&#8221; title_font=&#8221;|300||on|||||&#8221; title_text_color=&#8221;#646469&#8243; title_font_size=&#8221;70px&#8221; custom_margin=&#8221;||5px|||&#8221; title_font_size_tablet=&#8221;50px&#8221; title_font_size_phone=&#8221;40px&#8221; title_font_size_last_edited=&#8221;on|phone&#8221;][\/et_pb_post_title][et_pb_divider divider_weight=&#8221;5px&#8221; _builder_version=&#8221;4.4.4&#8243; _module_preset=&#8221;default&#8221; max_width=&#8221;80px&#8221;][\/et_pb_divider][et_pb_contact_form use_spam_service=&#8221;on&#8221; recaptcha_list=&#8221;add_new_account&#8221; recaptcha_account_name=&#8221;NS&#8221; recaptcha_site_key=&#8221;6Ld9rboUAAAAAGxEb5yr-r-lz9-xlE9xMNqCTzM1&#8243; recaptcha_secret_key=&#8221;6Ld9rboUAAAAACkSFFTGH-zfPrAUsL3_dzdtrhgS&#8221; email=&#8221;shop@texinov.fr&#8221; custom_message=&#8221;Un nouveau message du formulaire de contact de la boutique de vente de masques : ||et_pb_line_break_holder||||et_pb_line_break_holder||Nom \/ pr\u00e9nom : %%Name%%||et_pb_line_break_holder||E-mail : %%Email%%||et_pb_line_break_holder||T\u00e9l\u00e9phone : %%telephone%%||et_pb_line_break_holder||Soci\u00e9t\u00e9 : %%societe%%||et_pb_line_break_holder||||et_pb_line_break_holder||-||et_pb_line_break_holder||||et_pb_line_break_holder||Message : %%Message%%||et_pb_line_break_holder||-||et_pb_line_break_holder||Cases coch\u00e9es : ||et_pb_line_break_holder||||et_pb_line_break_holder||%%RGPD%%||et_pb_line_break_holder||-||et_pb_line_break_holder||%%newsletters%%&#8221; success_message=&#8221;Merci pour votre message. Nous allons vous r\u00e9pondre par e-mail&#8221; submit_button_text=&#8221;Send&#8221; _builder_version=&#8221;4.7.4&#8243; _module_preset=&#8221;default&#8221; custom_button=&#8221;on&#8221; button_font=&#8221;|||on|||||&#8221; custom_margin=&#8221;||60px|||&#8221; hover_enabled=&#8221;0&#8243; sticky_enabled=&#8221;0&#8243;][et_pb_contact_field field_id=&#8221;Name&#8221; field_title=&#8221;Last name \/ Name *&#8221; _builder_version=&#8221;4.4.4&#8243; _module_preset=&#8221;default&#8221; button_text_size__hover_enabled=&#8221;off&#8221; button_one_text_size__hover_enabled=&#8221;off&#8221; button_two_text_size__hover_enabled=&#8221;off&#8221; button_text_color__hover_enabled=&#8221;off&#8221; button_one_text_color__hover_enabled=&#8221;off&#8221; button_two_text_color__hover_enabled=&#8221;off&#8221; button_border_width__hover_enabled=&#8221;off&#8221; button_one_border_width__hover_enabled=&#8221;off&#8221; button_two_border_width__hover_enabled=&#8221;off&#8221; button_border_color__hover_enabled=&#8221;off&#8221; button_one_border_color__hover_enabled=&#8221;off&#8221; button_two_border_color__hover_enabled=&#8221;off&#8221; button_border_radius__hover_enabled=&#8221;off&#8221; button_one_border_radius__hover_enabled=&#8221;off&#8221; button_two_border_radius__hover_enabled=&#8221;off&#8221; button_letter_spacing__hover_enabled=&#8221;off&#8221; button_one_letter_spacing__hover_enabled=&#8221;off&#8221; button_two_letter_spacing__hover_enabled=&#8221;off&#8221; button_bg_color__hover_enabled=&#8221;off&#8221; button_one_bg_color__hover_enabled=&#8221;off&#8221; button_two_bg_color__hover_enabled=&#8221;off&#8221;][\/et_pb_contact_field][et_pb_contact_field field_id=&#8221;Email&#8221; field_title=&#8221;E-mail adress *&#8221; field_type=&#8221;email&#8221; _builder_version=&#8221;4.4.4&#8243; _module_preset=&#8221;default&#8221; button_text_size__hover_enabled=&#8221;off&#8221; button_one_text_size__hover_enabled=&#8221;off&#8221; button_two_text_size__hover_enabled=&#8221;off&#8221; button_text_color__hover_enabled=&#8221;off&#8221; button_one_text_color__hover_enabled=&#8221;off&#8221; button_two_text_color__hover_enabled=&#8221;off&#8221; button_border_width__hover_enabled=&#8221;off&#8221; button_one_border_width__hover_enabled=&#8221;off&#8221; button_two_border_width__hover_enabled=&#8221;off&#8221; button_border_color__hover_enabled=&#8221;off&#8221; button_one_border_color__hover_enabled=&#8221;off&#8221; button_two_border_color__hover_enabled=&#8221;off&#8221; button_border_radius__hover_enabled=&#8221;off&#8221; button_one_border_radius__hover_enabled=&#8221;off&#8221; button_two_border_radius__hover_enabled=&#8221;off&#8221; button_letter_spacing__hover_enabled=&#8221;off&#8221; button_one_letter_spacing__hover_enabled=&#8221;off&#8221; button_two_letter_spacing__hover_enabled=&#8221;off&#8221; button_bg_color__hover_enabled=&#8221;off&#8221; button_one_bg_color__hover_enabled=&#8221;off&#8221; button_two_bg_color__hover_enabled=&#8221;off&#8221;][\/et_pb_contact_field][et_pb_contact_field field_id=&#8221;telephone&#8221; field_title=&#8221;Phone&#8221; required_mark=&#8221;off&#8221; _builder_version=&#8221;4.6.3&#8243; _module_preset=&#8221;default&#8221;][\/et_pb_contact_field][et_pb_contact_field field_id=&#8221;societe&#8221; field_title=&#8221;Society&#8221; required_mark=&#8221;off&#8221; _builder_version=&#8221;4.6.3&#8243; _module_preset=&#8221;default&#8221;][\/et_pb_contact_field][et_pb_contact_field field_id=&#8221;Message&#8221; field_title=&#8221;Message&#8221; field_type=&#8221;text&#8221; fullwidth_field=&#8221;on&#8221; _builder_version=&#8221;3.16&#8243; _module_preset=&#8221;default&#8221; button_text_size__hover_enabled=&#8221;off&#8221; button_one_text_size__hover_enabled=&#8221;off&#8221; button_two_text_size__hover_enabled=&#8221;off&#8221; button_text_color__hover_enabled=&#8221;off&#8221; button_one_text_color__hover_enabled=&#8221;off&#8221; button_two_text_color__hover_enabled=&#8221;off&#8221; button_border_width__hover_enabled=&#8221;off&#8221; button_one_border_width__hover_enabled=&#8221;off&#8221; button_two_border_width__hover_enabled=&#8221;off&#8221; button_border_color__hover_enabled=&#8221;off&#8221; button_one_border_color__hover_enabled=&#8221;off&#8221; button_two_border_color__hover_enabled=&#8221;off&#8221; button_border_radius__hover_enabled=&#8221;off&#8221; button_one_border_radius__hover_enabled=&#8221;off&#8221; button_two_border_radius__hover_enabled=&#8221;off&#8221; button_letter_spacing__hover_enabled=&#8221;off&#8221; button_one_letter_spacing__hover_enabled=&#8221;off&#8221; button_two_letter_spacing__hover_enabled=&#8221;off&#8221; button_bg_color__hover_enabled=&#8221;off&#8221; button_one_bg_color__hover_enabled=&#8221;off&#8221; button_two_bg_color__hover_enabled=&#8221;off&#8221;][\/et_pb_contact_field][et_pb_contact_field field_id=&#8221;RGPD&#8221; field_title=&#8221; &#8221; field_type=&#8221;checkbox&#8221; checkbox_options=&#8221;%91{%22value%22:%22By completing this form, I agree that the information will be used by MDB Texinov to contact me%22,%22checked%22:1,%22dragID%22:-1}%93&#8243; fullwidth_field=&#8221;on&#8221; _builder_version=&#8221;4.7.3&#8243; _module_preset=&#8221;default&#8221;][\/et_pb_contact_field][et_pb_contact_field field_id=&#8221;newsletters&#8221; field_title=&#8221; &#8221; field_type=&#8221;checkbox&#8221; checkbox_options=&#8221;%91{%22value%22:%22I would like to receive promotional offers from the Texinov store by e-mail%22,%22checked%22:0,%22dragID%22:-1}%93&#8243; required_mark=&#8221;off&#8221; fullwidth_field=&#8221;on&#8221; _builder_version=&#8221;4.6.3&#8243; _module_preset=&#8221;default&#8221;][\/et_pb_contact_field][\/et_pb_contact_form][\/et_pb_column][\/et_pb_row][\/et_pb_section]<\/p>\n","protected":false},"excerpt":{"rendered":"","protected":false},"author":1,"featured_media":0,"parent":0,"menu_order":0,"comment_status":"closed","ping_status":"closed","template":"","meta":{"_et_pb_use_builder":"on","_et_pb_old_content":"","_et_gb_content_width":""},"yoast_head":"<!-- This site is optimized with the Yoast SEO plugin v19.11 - https:\/\/yoast.com\/wordpress\/plugins\/seo\/ -->\n<title>Contact &bull; Texinov\u00ae Shop<\/title>\n<meta name=\"robots\" content=\"noindex, follow, max-snippet:-1, max-image-preview:large, max-video-preview:-1\" \/>\n<meta property=\"og:locale\" content=\"en_US\" \/>\n<meta property=\"og:type\" content=\"article\" \/>\n<meta property=\"og:title\" content=\"Contact &bull; Texinov\u00ae Shop\" \/>\n<meta property=\"og:url\" content=\"https:\/\/texi.notrestudio.fr\/en\/contact\/\" \/>\n<meta property=\"og:site_name\" content=\"Texinov\u00ae Shop\" \/>\n<meta property=\"article:publisher\" content=\"https:\/\/www.facebook.com\/texinov\" \/>\n<meta property=\"article:modified_time\" content=\"2022-01-03T13:01:00+00:00\" \/>\n<meta name=\"twitter:card\" content=\"summary_large_image\" \/>\n<meta name=\"twitter:site\" content=\"@Texinov3\" \/>\n<meta name=\"twitter:label1\" content=\"Est. reading time\" \/>\n\t<meta name=\"twitter:data1\" content=\"5 minutes\" \/>\n<script type=\"application\/ld+json\" class=\"yoast-schema-graph\">{\"@context\":\"https:\/\/schema.org\",\"@graph\":[{\"@type\":\"WebPage\",\"@id\":\"https:\/\/texi.notrestudio.fr\/en\/contact\/\",\"url\":\"https:\/\/texi.notrestudio.fr\/en\/contact\/\",\"name\":\"Contact &bull; Texinov\u00ae Shop\",\"isPartOf\":{\"@id\":\"http:\/\/texi.notrestudio.fr\/en\/#website\"},\"datePublished\":\"2020-12-07T15:55:36+00:00\",\"dateModified\":\"2022-01-03T13:01:00+00:00\",\"breadcrumb\":{\"@id\":\"https:\/\/texi.notrestudio.fr\/en\/contact\/#breadcrumb\"},\"inLanguage\":\"en-US\",\"potentialAction\":[{\"@type\":\"ReadAction\",\"target\":[\"https:\/\/texi.notrestudio.fr\/en\/contact\/\"]}]},{\"@type\":\"BreadcrumbList\",\"@id\":\"https:\/\/texi.notrestudio.fr\/en\/contact\/#breadcrumb\",\"itemListElement\":[{\"@type\":\"ListItem\",\"position\":1,\"name\":\"Accueil\",\"item\":\"http:\/\/texi.notrestudio.fr\/en\/\"},{\"@type\":\"ListItem\",\"position\":2,\"name\":\"Contact\"}]},{\"@type\":\"WebSite\",\"@id\":\"http:\/\/texi.notrestudio.fr\/en\/#website\",\"url\":\"http:\/\/texi.notrestudio.fr\/en\/\",\"name\":\"Texinov\u00ae Shop\",\"description\":\"Masques de protection respiratoire FFP2\",\"publisher\":{\"@id\":\"http:\/\/texi.notrestudio.fr\/en\/#organization\"},\"potentialAction\":[{\"@type\":\"SearchAction\",\"target\":{\"@type\":\"EntryPoint\",\"urlTemplate\":\"http:\/\/texi.notrestudio.fr\/en\/?s={search_term_string}\"},\"query-input\":\"required name=search_term_string\"}],\"inLanguage\":\"en-US\"},{\"@type\":\"Organization\",\"@id\":\"http:\/\/texi.notrestudio.fr\/en\/#organization\",\"name\":\"Texinov\u00ae Shop\",\"url\":\"http:\/\/texi.notrestudio.fr\/en\/\",\"logo\":{\"@type\":\"ImageObject\",\"inLanguage\":\"en-US\",\"@id\":\"http:\/\/texi.notrestudio.fr\/en\/#\/schema\/logo\/image\/\",\"url\":\"http:\/\/texi.notrestudio.fr\/wp-content\/uploads\/2020\/09\/texinov-medical-logo-masques.png\",\"contentUrl\":\"http:\/\/texi.notrestudio.fr\/wp-content\/uploads\/2020\/09\/texinov-medical-logo-masques.png\",\"width\":450,\"height\":126,\"caption\":\"Texinov\u00ae Shop\"},\"image\":{\"@id\":\"http:\/\/texi.notrestudio.fr\/en\/#\/schema\/logo\/image\/\"},\"sameAs\":[\"https:\/\/www.linkedin.com\/company\/mdbtexinov\/\",\"https:\/\/www.youtube.com\/channel\/UCr28OueclBbky7lgnaESMfg\",\"https:\/\/www.facebook.com\/texinov\",\"https:\/\/twitter.com\/Texinov3\"]}]}<\/script>\n<!-- \/ Yoast SEO plugin. -->","yoast_head_json":{"title":"Contact &bull; Texinov\u00ae Shop","robots":{"index":"noindex","follow":"follow","max-snippet":"max-snippet:-1","max-image-preview":"max-image-preview:large","max-video-preview":"max-video-preview:-1"},"og_locale":"en_US","og_type":"article","og_title":"Contact &bull; Texinov\u00ae Shop","og_url":"https:\/\/texi.notrestudio.fr\/en\/contact\/","og_site_name":"Texinov\u00ae Shop","article_publisher":"https:\/\/www.facebook.com\/texinov","article_modified_time":"2022-01-03T13:01:00+00:00","twitter_card":"summary_large_image","twitter_site":"@Texinov3","twitter_misc":{"Est. reading time":"5 minutes"},"schema":{"@context":"https:\/\/schema.org","@graph":[{"@type":"WebPage","@id":"https:\/\/texi.notrestudio.fr\/en\/contact\/","url":"https:\/\/texi.notrestudio.fr\/en\/contact\/","name":"Contact &bull; Texinov\u00ae Shop","isPartOf":{"@id":"http:\/\/texi.notrestudio.fr\/en\/#website"},"datePublished":"2020-12-07T15:55:36+00:00","dateModified":"2022-01-03T13:01:00+00:00","breadcrumb":{"@id":"https:\/\/texi.notrestudio.fr\/en\/contact\/#breadcrumb"},"inLanguage":"en-US","potentialAction":[{"@type":"ReadAction","target":["https:\/\/texi.notrestudio.fr\/en\/contact\/"]}]},{"@type":"BreadcrumbList","@id":"https:\/\/texi.notrestudio.fr\/en\/contact\/#breadcrumb","itemListElement":[{"@type":"ListItem","position":1,"name":"Accueil","item":"http:\/\/texi.notrestudio.fr\/en\/"},{"@type":"ListItem","position":2,"name":"Contact"}]},{"@type":"WebSite","@id":"http:\/\/texi.notrestudio.fr\/en\/#website","url":"http:\/\/texi.notrestudio.fr\/en\/","name":"Texinov\u00ae Shop","description":"Masques de protection respiratoire FFP2","publisher":{"@id":"http:\/\/texi.notrestudio.fr\/en\/#organization"},"potentialAction":[{"@type":"SearchAction","target":{"@type":"EntryPoint","urlTemplate":"http:\/\/texi.notrestudio.fr\/en\/?s={search_term_string}"},"query-input":"required name=search_term_string"}],"inLanguage":"en-US"},{"@type":"Organization","@id":"http:\/\/texi.notrestudio.fr\/en\/#organization","name":"Texinov\u00ae Shop","url":"http:\/\/texi.notrestudio.fr\/en\/","logo":{"@type":"ImageObject","inLanguage":"en-US","@id":"http:\/\/texi.notrestudio.fr\/en\/#\/schema\/logo\/image\/","url":"http:\/\/texi.notrestudio.fr\/wp-content\/uploads\/2020\/09\/texinov-medical-logo-masques.png","contentUrl":"http:\/\/texi.notrestudio.fr\/wp-content\/uploads\/2020\/09\/texinov-medical-logo-masques.png","width":450,"height":126,"caption":"Texinov\u00ae Shop"},"image":{"@id":"http:\/\/texi.notrestudio.fr\/en\/#\/schema\/logo\/image\/"},"sameAs":["https:\/\/www.linkedin.com\/company\/mdbtexinov\/","https:\/\/www.youtube.com\/channel\/UCr28OueclBbky7lgnaESMfg","https:\/\/www.facebook.com\/texinov","https:\/\/twitter.com\/Texinov3"]}]}},"_links":{"self":[{"href":"http:\/\/texi.notrestudio.fr\/en\/wp-json\/wp\/v2\/pages\/1587"}],"collection":[{"href":"http:\/\/texi.notrestudio.fr\/en\/wp-json\/wp\/v2\/pages"}],"about":[{"href":"http:\/\/texi.notrestudio.fr\/en\/wp-json\/wp\/v2\/types\/page"}],"author":[{"embeddable":true,"href":"http:\/\/texi.notrestudio.fr\/en\/wp-json\/wp\/v2\/users\/1"}],"replies":[{"embeddable":true,"href":"http:\/\/texi.notrestudio.fr\/en\/wp-json\/wp\/v2\/comments?post=1587"}],"version-history":[{"count":3,"href":"http:\/\/texi.notrestudio.fr\/en\/wp-json\/wp\/v2\/pages\/1587\/revisions"}],"predecessor-version":[{"id":5825,"href":"http:\/\/texi.notrestudio.fr\/en\/wp-json\/wp\/v2\/pages\/1587\/revisions\/5825"}],"wp:attachment":[{"href":"http:\/\/texi.notrestudio.fr\/en\/wp-json\/wp\/v2\/media?parent=1587"}],"curies":[{"name":"wp","href":"https:\/\/api.w.org\/{rel}","templated":true}]}}